{"id":28,"date":"2021-12-01T09:33:18","date_gmt":"2021-12-01T08:33:18","guid":{"rendered":"https:\/\/biocidal-as.com\/?page_id=28"},"modified":"2021-12-03T08:23:34","modified_gmt":"2021-12-03T07:23:34","slug":"biocidal","status":"publish","type":"page","link":"https:\/\/biocidal-as.com\/","title":{"rendered":"Biocidal"},"content":{"rendered":"\t\t<div data-elementor-type=\"wp-page\" data-elementor-id=\"28\" class=\"elementor elementor-28\" data-elementor-settings=\"[]\">\n\t\t\t\t\t\t\t<div class=\"elementor-section-wrap\">\n\t\t\t\t\t\t\t<section class=\"elementor-section elementor-top-section elementor-element elementor-element-1810a7d elementor-section-full_width elementor-section-stretched elementor-section-height-default elementor-section-height-default\" data-id=\"1810a7d\" data-element_type=\"section\" data-settings=\"{&quot;stretch_section&quot;:&quot;section-stretched&quot;}\">\n\t\t\t\t\t\t<div class=\"elementor-container elementor-column-gap-default\">\n\t\t\t\t\t<div class=\"elementor-column elementor-col-100 elementor-top-column elementor-element elementor-element-61175b3\" data-id=\"61175b3\" data-element_type=\"column\">\n\t\t\t<div class=\"elementor-widget-wrap elementor-element-populated\">\n\t\t\t\t\t\t\t\t<div class=\"elementor-element elementor-element-a1e92db elementor-widget elementor-widget-image\" data-id=\"a1e92db\" data-element_type=\"widget\" data-widget_type=\"image.default\">\n\t\t\t\t<div class=\"elementor-widget-container\">\n\t\t\t\t\t\t\t\t\t\t\t\t\t\t\t<img width=\"2000\" height=\"1000\" src=\"https:\/\/biocidal-as.com\/wp-content\/uploads\/2021\/12\/biocidal-home-page.jpg\" class=\"attachment-full size-full\" alt=\"\" loading=\"lazy\" srcset=\"https:\/\/biocidal-as.com\/wp-content\/uploads\/2021\/12\/biocidal-home-page.jpg 2000w, https:\/\/biocidal-as.com\/wp-content\/uploads\/2021\/12\/biocidal-home-page-300x150.jpg 300w, https:\/\/biocidal-as.com\/wp-content\/uploads\/2021\/12\/biocidal-home-page-1024x512.jpg 1024w, https:\/\/biocidal-as.com\/wp-content\/uploads\/2021\/12\/biocidal-home-page-768x384.jpg 768w, https:\/\/biocidal-as.com\/wp-content\/uploads\/2021\/12\/biocidal-home-page-1536x768.jpg 1536w\" sizes=\"(max-width: 2000px) 100vw, 2000px\" \/>\t\t\t\t\t\t\t\t\t\t\t\t\t\t\t<\/div>\n\t\t\t\t<\/div>\n\t\t\t\t\t<\/div>\n\t\t<\/div>\n\t\t\t\t\t\t\t<\/div>\n\t\t<\/section>\n\t\t\t\t<section class=\"elementor-section elementor-top-section elementor-element elementor-element-b1c2051 elementor-section-boxed elementor-section-height-default elementor-section-height-default\" data-id=\"b1c2051\" data-element_type=\"section\">\n\t\t\t\t\t\t<div class=\"elementor-container elementor-column-gap-default\">\n\t\t\t\t\t<div class=\"elementor-column elementor-col-100 elementor-top-column elementor-element elementor-element-8f45e2a\" data-id=\"8f45e2a\" data-element_type=\"column\">\n\t\t\t<div class=\"elementor-widget-wrap elementor-element-populated\">\n\t\t\t\t\t\t\t\t<div class=\"elementor-element elementor-element-fefbb38 elementor-widget elementor-widget-heading\" data-id=\"fefbb38\" data-element_type=\"widget\" data-widget_type=\"heading.default\">\n\t\t\t\t<div class=\"elementor-widget-container\">\n\t\t\t<h2 class=\"elementor-heading-title elementor-size-default\">BIOCIDAL ALTERNATIVE SOLUTIONS PROPOSE UNE GESTION DE VOTRE PROJET \u00c0 360\u00b0.<\/h2>\t\t<\/div>\n\t\t\t\t<\/div>\n\t\t\t\t<div class=\"elementor-element elementor-element-78e0be1 elementor-widget elementor-widget-text-editor\" data-id=\"78e0be1\" data-element_type=\"widget\" data-widget_type=\"text-editor.default\">\n\t\t\t\t<div class=\"elementor-widget-container\">\n\t\t\t\t\t\t\t<p class=\"p1\">Les diff\u00e9rentes \u00e9tapes de recherches auront une approche bas\u00e9e sur la notion d\u2019efficience et seront focalis\u00e9es sur les r\u00e9sultats. Cette gestion de projet depuis son id\u00e9e jusqu\u2019\u00e0 sa concr\u00e9tisation passe par une multitude de comp\u00e9tences propres \u00e0 notre entreprise.<\/p>\t\t\t\t\t\t<\/div>\n\t\t\t\t<\/div>\n\t\t\t\t<div class=\"elementor-element elementor-element-5718685 elementor-widget-divider--view-line_icon elementor-view-default elementor-widget-divider--element-align-center elementor-widget elementor-widget-divider\" data-id=\"5718685\" data-element_type=\"widget\" data-widget_type=\"divider.default\">\n\t\t\t\t<div class=\"elementor-widget-container\">\n\t\t\t\t\t<div class=\"elementor-divider\">\n\t\t\t<span class=\"elementor-divider-separator\">\n\t\t\t\t\t\t\t<div class=\"elementor-icon elementor-divider__element\">\n\t\t\t\t\t<i aria-hidden=\"true\" class=\"fab fa-envira\"><\/i><\/div>\n\t\t\t\t\t\t<\/span>\n\t\t<\/div>\n\t\t\t\t<\/div>\n\t\t\t\t<\/div>\n\t\t\t\t<section class=\"elementor-section elementor-inner-section elementor-element elementor-element-a2a0b6b elementor-section-boxed elementor-section-height-default elementor-section-height-default\" data-id=\"a2a0b6b\" data-element_type=\"section\">\n\t\t\t\t\t\t<div class=\"elementor-container elementor-column-gap-default\">\n\t\t\t\t\t<div class=\"elementor-column elementor-col-33 elementor-inner-column elementor-element elementor-element-c9a638d\" data-id=\"c9a638d\" data-element_type=\"column\">\n\t\t\t<div class=\"elementor-widget-wrap elementor-element-populated\">\n\t\t\t\t\t\t\t\t<div class=\"elementor-element elementor-element-f0e0fa3 elementor-widget elementor-widget-text-editor\" data-id=\"f0e0fa3\" data-element_type=\"widget\" data-widget_type=\"text-editor.default\">\n\t\t\t\t<div class=\"elementor-widget-container\">\n\t\t\t\t\t\t\t<p class=\"p1\"><strong><span style=\"color: #769e91;\">DE L\u2019ID\u00c9E, \u00c0 LA CONCR\u00c9TISATION DE VOTRE PROJET.<\/span><\/strong><br \/>Une \u00e9quipe multidisciplinaire int\u00e9grant l\u2019analyse et le suivi concomitant des axes :<\/p><p>\u2022 Technique<br \/>\u2022 <span class=\"s1\">R<\/span>\u00e9glementaire<br \/>\u2022 March\u00e9<br \/>\u2022 Financier<\/p>\t\t\t\t\t\t<\/div>\n\t\t\t\t<\/div>\n\t\t\t\t\t<\/div>\n\t\t<\/div>\n\t\t\t\t<div class=\"elementor-column elementor-col-33 elementor-inner-column elementor-element elementor-element-dbc4f36\" data-id=\"dbc4f36\" data-element_type=\"column\">\n\t\t\t<div class=\"elementor-widget-wrap elementor-element-populated\">\n\t\t\t\t\t\t\t\t<div class=\"elementor-element elementor-element-24c1acf elementor-widget elementor-widget-text-editor\" data-id=\"24c1acf\" data-element_type=\"widget\" data-widget_type=\"text-editor.default\">\n\t\t\t\t<div class=\"elementor-widget-container\">\n\t\t\t\t\t\t\t<p class=\"p1\"><strong><span style=\"color: #769e91;\">UN SAVOIR-FAIRE \u00ab OPEN INNOVATION \u00bb<br \/><\/span><\/strong>Identification et partenariat avec des partenaires ressources cl\u00e9s pour le d\u00e9veloppement du projet<\/p>\t\t\t\t\t\t<\/div>\n\t\t\t\t<\/div>\n\t\t\t\t\t<\/div>\n\t\t<\/div>\n\t\t\t\t<div class=\"elementor-column elementor-col-33 elementor-inner-column elementor-element elementor-element-36b0904\" data-id=\"36b0904\" data-element_type=\"column\">\n\t\t\t<div class=\"elementor-widget-wrap elementor-element-populated\">\n\t\t\t\t\t\t\t\t<div class=\"elementor-element elementor-element-433a811 elementor-widget elementor-widget-text-editor\" data-id=\"433a811\" data-element_type=\"widget\" data-widget_type=\"text-editor.default\">\n\t\t\t\t<div class=\"elementor-widget-container\">\n\t\t\t\t\t\t\t<p class=\"p1\"><strong><span style=\"color: #769e91;\">UN SAVOIR-FAIRE \u00ab OPEN INNOVATION \u00bb<br \/><\/span><\/strong><strong>Internes et\/ou externes<br \/>En laboratoire et\/ou en situation<\/strong><\/p><p class=\"p1\">\u2022 Des infrastructures adapt\u00e9es au d\u00e9veloppement de formulations innovantes de produits<br \/>\u2022 Prototypage &amp; tests applicatifs<br \/>\u2022 \u00c9tude de pr\u00e9-industrialisation<\/p>\t\t\t\t\t\t<\/div>\n\t\t\t\t<\/div>\n\t\t\t\t\t<\/div>\n\t\t<\/div>\n\t\t\t\t\t\t\t<\/div>\n\t\t<\/section>\n\t\t\t\t<div class=\"elementor-element elementor-element-a43e109 elementor-widget elementor-widget-image\" data-id=\"a43e109\" data-element_type=\"widget\" data-widget_type=\"image.default\">\n\t\t\t\t<div class=\"elementor-widget-container\">\n\t\t\t\t\t\t\t\t\t\t\t\t\t\t\t<img width=\"768\" height=\"284\" src=\"https:\/\/biocidal-as.com\/wp-content\/uploads\/2021\/12\/Sans-titre-3-768x284.jpg\" class=\"attachment-medium_large size-medium_large\" alt=\"\" loading=\"lazy\" srcset=\"https:\/\/biocidal-as.com\/wp-content\/uploads\/2021\/12\/Sans-titre-3-768x284.jpg 768w, https:\/\/biocidal-as.com\/wp-content\/uploads\/2021\/12\/Sans-titre-3-300x111.jpg 300w, https:\/\/biocidal-as.com\/wp-content\/uploads\/2021\/12\/Sans-titre-3.jpg 865w\" sizes=\"(max-width: 768px) 100vw, 768px\" \/>\t\t\t\t\t\t\t\t\t\t\t\t\t\t\t<\/div>\n\t\t\t\t<\/div>\n\t\t\t\t\t<\/div>\n\t\t<\/div>\n\t\t\t\t\t\t\t<\/div>\n\t\t<\/section>\n\t\t\t\t<section class=\"elementor-section elementor-top-section elementor-element elementor-element-a8b66e4 elementor-section-boxed elementor-section-height-default elementor-section-height-default\" data-id=\"a8b66e4\" data-element_type=\"section\">\n\t\t\t\t\t\t<div class=\"elementor-container elementor-column-gap-default\">\n\t\t\t\t\t<div class=\"elementor-column elementor-col-100 elementor-top-column elementor-element elementor-element-53c9183\" data-id=\"53c9183\" data-element_type=\"column\">\n\t\t\t<div class=\"elementor-widget-wrap elementor-element-populated\">\n\t\t\t\t\t\t\t\t<section class=\"elementor-section elementor-inner-section elementor-element elementor-element-f358d03 elementor-section-boxed elementor-section-height-default elementor-section-height-default\" data-id=\"f358d03\" data-element_type=\"section\">\n\t\t\t\t\t\t<div class=\"elementor-container elementor-column-gap-default\">\n\t\t\t\t\t<div class=\"elementor-column elementor-col-66 elementor-inner-column elementor-element elementor-element-2e968e7\" data-id=\"2e968e7\" data-element_type=\"column\">\n\t\t\t<div class=\"elementor-widget-wrap elementor-element-populated\">\n\t\t\t\t\t\t\t\t<div class=\"elementor-element elementor-element-ea15193 elementor-widget elementor-widget-text-editor\" data-id=\"ea15193\" data-element_type=\"widget\" data-widget_type=\"text-editor.default\">\n\t\t\t\t<div class=\"elementor-widget-container\">\n\t\t\t\t\t\t\t<p class=\"p1\"><strong><img loading=\"lazy\" class=\" wp-image-64 alignleft\" src=\"http:\/\/biocidal-as.com\/wp-content\/uploads\/2021\/12\/Fichier-3-300x54.png\" alt=\"LOGO BIOCIDAL\" width=\"208\" height=\"37\" srcset=\"https:\/\/biocidal-as.com\/wp-content\/uploads\/2021\/12\/Fichier-3-300x54.png 300w, https:\/\/biocidal-as.com\/wp-content\/uploads\/2021\/12\/Fichier-3.png 442w\" sizes=\"(max-width: 208px) 100vw, 208px\" \/><\/strong><\/p><p class=\"p1\">\u00a0<\/p><p><br \/><strong>UN CENTRE DE RECHERCHE ET D\u00c9VELOPPEMENT DE PRODUITS ET SOLUTIONS ALTERNATIVES.<\/strong><br \/>Sp\u00e9cialiste et fort de plusieurs ann\u00e9es d\u2019exp\u00e9rience, nous g\u00e9rons et concr\u00e9tisons vos diff\u00e9rents projets de recherche et d\u2019innovation.<\/p>\t\t\t\t\t\t<\/div>\n\t\t\t\t<\/div>\n\t\t\t\t\t<\/div>\n\t\t<\/div>\n\t\t\t\t<div class=\"elementor-column elementor-col-33 elementor-inner-column elementor-element elementor-element-e22ff0a\" data-id=\"e22ff0a\" data-element_type=\"column\">\n\t\t\t<div class=\"elementor-widget-wrap elementor-element-populated\">\n\t\t\t\t\t\t\t\t<div class=\"elementor-element elementor-element-73d2897 elementor-widget elementor-widget-image\" data-id=\"73d2897\" data-element_type=\"widget\" data-widget_type=\"image.default\">\n\t\t\t\t<div class=\"elementor-widget-container\">\n\t\t\t\t\t\t\t\t\t\t\t\t\t\t\t<img width=\"225\" height=\"286\" src=\"https:\/\/biocidal-as.com\/wp-content\/uploads\/2021\/12\/Fichier-10.png\" class=\"attachment-medium_large size-medium_large\" alt=\"\" loading=\"lazy\" \/>\t\t\t\t\t\t\t\t\t\t\t\t\t\t\t<\/div>\n\t\t\t\t<\/div>\n\t\t\t\t\t<\/div>\n\t\t<\/div>\n\t\t\t\t\t\t\t<\/div>\n\t\t<\/section>\n\t\t\t\t\t<\/div>\n\t\t<\/div>\n\t\t\t\t\t\t\t<\/div>\n\t\t<\/section>\n\t\t\t\t<section class=\"elementor-section elementor-top-section elementor-element elementor-element-73a2c36 elementor-section-boxed elementor-section-height-default elementor-section-height-default\" data-id=\"73a2c36\" data-element_type=\"section\">\n\t\t\t\t\t\t<div class=\"elementor-container elementor-column-gap-default\">\n\t\t\t\t\t<div class=\"elementor-column elementor-col-100 elementor-top-column elementor-element elementor-element-120c762\" data-id=\"120c762\" data-element_type=\"column\">\n\t\t\t<div class=\"elementor-widget-wrap elementor-element-populated\">\n\t\t\t\t\t\t\t\t<section class=\"elementor-section elementor-inner-section elementor-element elementor-element-0e77060 elementor-section-boxed elementor-section-height-default elementor-section-height-default\" data-id=\"0e77060\" data-element_type=\"section\">\n\t\t\t\t\t\t<div class=\"elementor-container elementor-column-gap-default\">\n\t\t\t\t\t<div class=\"elementor-column elementor-col-33 elementor-inner-column elementor-element elementor-element-aeeee0d\" data-id=\"aeeee0d\" data-element_type=\"column\">\n\t\t\t<div class=\"elementor-widget-wrap elementor-element-populated\">\n\t\t\t\t\t\t\t\t<div class=\"elementor-element elementor-element-883a8b3 elementor-position-top elementor-vertical-align-top elementor-widget elementor-widget-image-box\" data-id=\"883a8b3\" data-element_type=\"widget\" data-widget_type=\"image-box.default\">\n\t\t\t\t<div class=\"elementor-widget-container\">\n\t\t\t<div class=\"elementor-image-box-wrapper\"><figure class=\"elementor-image-box-img\"><img width=\"1500\" height=\"1500\" src=\"https:\/\/biocidal-as.com\/wp-content\/uploads\/2021\/12\/NATURELLE.jpg\" class=\"attachment-full size-full\" alt=\"\" loading=\"lazy\" \/><\/figure><div class=\"elementor-image-box-content\"><p class=\"elementor-image-box-description\">Formulations innovantes\nd\u2019origine naturelle<\/p><\/div><\/div>\t\t<\/div>\n\t\t\t\t<\/div>\n\t\t\t\t\t<\/div>\n\t\t<\/div>\n\t\t\t\t<div class=\"elementor-column elementor-col-33 elementor-inner-column elementor-element elementor-element-901fec6\" data-id=\"901fec6\" data-element_type=\"column\">\n\t\t\t<div class=\"elementor-widget-wrap elementor-element-populated\">\n\t\t\t\t\t\t\t\t<div class=\"elementor-element elementor-element-0ebd064 elementor-position-top elementor-vertical-align-top elementor-widget elementor-widget-image-box\" data-id=\"0ebd064\" data-element_type=\"widget\" data-widget_type=\"image-box.default\">\n\t\t\t\t<div class=\"elementor-widget-container\">\n\t\t\t<div class=\"elementor-image-box-wrapper\"><figure class=\"elementor-image-box-img\"><img width=\"1500\" height=\"1500\" src=\"https:\/\/biocidal-as.com\/wp-content\/uploads\/2021\/12\/ADAPTATION.jpg\" class=\"attachment-full size-full\" alt=\"\" loading=\"lazy\" \/><\/figure><div class=\"elementor-image-box-content\"><p class=\"elementor-image-box-description\">Adaptation de nouveaux\nm\u00e9canismes d\u2019action pour\nobtenir les effets r\u00e9pulsifs\nou pi\u00e9geant, m\u00e9caniques\nou biologiques<\/p><\/div><\/div>\t\t<\/div>\n\t\t\t\t<\/div>\n\t\t\t\t\t<\/div>\n\t\t<\/div>\n\t\t\t\t<div class=\"elementor-column elementor-col-33 elementor-inner-column elementor-element elementor-element-8033677\" data-id=\"8033677\" data-element_type=\"column\">\n\t\t\t<div class=\"elementor-widget-wrap elementor-element-populated\">\n\t\t\t\t\t\t\t\t<div class=\"elementor-element elementor-element-48719d5 elementor-position-top elementor-vertical-align-top elementor-widget elementor-widget-image-box\" data-id=\"48719d5\" data-element_type=\"widget\" data-widget_type=\"image-box.default\">\n\t\t\t\t<div class=\"elementor-widget-container\">\n\t\t\t<div class=\"elementor-image-box-wrapper\"><figure class=\"elementor-image-box-img\"><img width=\"1500\" height=\"1500\" src=\"https:\/\/biocidal-as.com\/wp-content\/uploads\/2021\/12\/INTE\u0301GRATION.jpg\" class=\"attachment-full size-full\" alt=\"\" loading=\"lazy\" \/><\/figure><div class=\"elementor-image-box-content\"><p class=\"elementor-image-box-description\">Int\u00e9gration des technologies num\u00e9riques\ndans des solutions globales de lutte contre les nuisibles<\/p><\/div><\/div>\t\t<\/div>\n\t\t\t\t<\/div>\n\t\t\t\t\t<\/div>\n\t\t<\/div>\n\t\t\t\t\t\t\t<\/div>\n\t\t<\/section>\n\t\t\t\t<div class=\"elementor-element elementor-element-733cfee elementor-widget elementor-widget-spacer\" data-id=\"733cfee\" data-element_type=\"widget\" data-widget_type=\"spacer.default\">\n\t\t\t\t<div class=\"elementor-widget-container\">\n\t\t\t\t\t<div class=\"elementor-spacer\">\n\t\t\t<div class=\"elementor-spacer-inner\"><\/div>\n\t\t<\/div>\n\t\t\t\t<\/div>\n\t\t\t\t<\/div>\n\t\t\t\t\t<\/div>\n\t\t<\/div>\n\t\t\t\t\t\t\t<\/div>\n\t\t<\/section>\n\t\t\t\t<section class=\"elementor-section elementor-top-section elementor-element elementor-element-767e583 elementor-section-boxed elementor-section-height-default elementor-section-height-default\" data-id=\"767e583\" data-element_type=\"section\">\n\t\t\t\t\t\t<div class=\"elementor-container elementor-column-gap-default\">\n\t\t\t\t\t<div class=\"elementor-column elementor-col-100 elementor-top-column elementor-element elementor-element-de160f7\" data-id=\"de160f7\" data-element_type=\"column\">\n\t\t\t<div class=\"elementor-widget-wrap elementor-element-populated\">\n\t\t\t\t\t\t\t\t<div class=\"elementor-element elementor-element-65adac6 elementor-widget elementor-widget-spacer\" data-id=\"65adac6\" data-element_type=\"widget\" data-widget_type=\"spacer.default\">\n\t\t\t\t<div class=\"elementor-widget-container\">\n\t\t\t\t\t<div class=\"elementor-spacer\">\n\t\t\t<div class=\"elementor-spacer-inner\"><\/div>\n\t\t<\/div>\n\t\t\t\t<\/div>\n\t\t\t\t<\/div>\n\t\t\t\t<div class=\"elementor-element elementor-element-7d6fc9b elementor-widget-divider--view-line_text elementor-widget-divider--element-align-center elementor-widget elementor-widget-divider\" data-id=\"7d6fc9b\" data-element_type=\"widget\" data-widget_type=\"divider.default\">\n\t\t\t\t<div class=\"elementor-widget-container\">\n\t\t\t\t\t<div class=\"elementor-divider\">\n\t\t\t<span class=\"elementor-divider-separator\">\n\t\t\t\t\t\t\t<span class=\"elementor-divider__text elementor-divider__element\">\n\t\t\t\tProjets r\u00e9alis\u00e9s\t\t\t\t<\/span>\n\t\t\t\t\t\t<\/span>\n\t\t<\/div>\n\t\t\t\t<\/div>\n\t\t\t\t<\/div>\n\t\t\t\t<section class=\"elementor-section elementor-inner-section elementor-element elementor-element-4578f5d elementor-section-boxed elementor-section-height-default elementor-section-height-default\" data-id=\"4578f5d\" data-element_type=\"section\">\n\t\t\t\t\t\t<div class=\"elementor-container elementor-column-gap-default\">\n\t\t\t\t\t<div class=\"elementor-column elementor-col-25 elementor-inner-column elementor-element elementor-element-901225d\" data-id=\"901225d\" data-element_type=\"column\">\n\t\t\t<div class=\"elementor-widget-wrap elementor-element-populated\">\n\t\t\t\t\t\t\t\t<div class=\"elementor-element elementor-element-f457fbe elementor-position-top elementor-vertical-align-top elementor-widget elementor-widget-image-box\" data-id=\"f457fbe\" data-element_type=\"widget\" data-widget_type=\"image-box.default\">\n\t\t\t\t<div class=\"elementor-widget-container\">\n\t\t\t<div class=\"elementor-image-box-wrapper\"><figure class=\"elementor-image-box-img\"><img width=\"1200\" height=\"1200\" src=\"https:\/\/biocidal-as.com\/wp-content\/uploads\/2021\/12\/BAS003-VOLANT-RAMPANT-SPRAY.jpg\" class=\"attachment-full size-full\" alt=\"\" loading=\"lazy\" \/><\/figure><div class=\"elementor-image-box-content\"><h5 class=\"elementor-image-box-title\">TERRE DE DIATOM\u00c9E LIQUIDE & PYR\u00c8THRE<\/h5><p class=\"elementor-image-box-description\">Une combinaison unique de terre de diatom\u00e9e liquide stable et de pyr\u00e8thre, id\u00e9ale pour la pulv\u00e9risation sur insectes\nrampants. Une innovation particuli\u00e8rement adapt\u00e9e aux besoins des particuliers, dans leur gestion naturelle et efficace des insectes rampants dans et autour de l\u2019habitat.<\/p><\/div><\/div>\t\t<\/div>\n\t\t\t\t<\/div>\n\t\t\t\t\t<\/div>\n\t\t<\/div>\n\t\t\t\t<div class=\"elementor-column elementor-col-25 elementor-inner-column elementor-element elementor-element-910b6b3\" data-id=\"910b6b3\" data-element_type=\"column\">\n\t\t\t<div class=\"elementor-widget-wrap elementor-element-populated\">\n\t\t\t\t\t\t\t\t<div class=\"elementor-element elementor-element-30a3378 elementor-position-top elementor-vertical-align-top elementor-widget elementor-widget-image-box\" data-id=\"30a3378\" data-element_type=\"widget\" data-widget_type=\"image-box.default\">\n\t\t\t\t<div class=\"elementor-widget-container\">\n\t\t\t<div class=\"elementor-image-box-wrapper\"><figure class=\"elementor-image-box-img\"><img width=\"1828\" height=\"2048\" src=\"https:\/\/biocidal-as.com\/wp-content\/uploads\/2021\/12\/Sans-titre-2-3-1828x2048.jpg\" class=\"attachment-2048x2048 size-2048x2048\" alt=\"\" loading=\"lazy\" \/><\/figure><div class=\"elementor-image-box-content\"><h5 class=\"elementor-image-box-title\">HUILES ESSENTIELLES<span style=\"font-size: var(--h5FontSize); letter-spacing: var(--h5LetterSpacing); text-transform: var(--h5TextTransform); background-color: var(--nv-site-bg);\"><\/span><br><\/h5><p class=\"elementor-image-box-description\">Une nouvelle gamme d\u2019insecticides naturels, \u00e0 base d\u2019huiles essentielles, d\u00e9clin\u00e9e en diff\u00e9rentes formes adapt\u00e9es aux  cibles & usages.<\/p><\/div><\/div>\t\t<\/div>\n\t\t\t\t<\/div>\n\t\t\t\t\t<\/div>\n\t\t<\/div>\n\t\t\t\t<div class=\"elementor-column elementor-col-25 elementor-inner-column elementor-element elementor-element-eeee59e\" data-id=\"eeee59e\" data-element_type=\"column\">\n\t\t\t<div class=\"elementor-widget-wrap elementor-element-populated\">\n\t\t\t\t\t\t\t\t<div class=\"elementor-element elementor-element-567490a elementor-position-top elementor-vertical-align-top elementor-widget elementor-widget-image-box\" data-id=\"567490a\" data-element_type=\"widget\" data-widget_type=\"image-box.default\">\n\t\t\t\t<div class=\"elementor-widget-container\">\n\t\t\t<div class=\"elementor-image-box-wrapper\"><figure class=\"elementor-image-box-img\"><img width=\"2048\" height=\"2048\" src=\"https:\/\/biocidal-as.com\/wp-content\/uploads\/2021\/12\/PIEGE-PYRALE-TGC-DET-2048x2048.jpg\" class=\"attachment-2048x2048 size-2048x2048\" alt=\"\" loading=\"lazy\" \/><\/figure><div class=\"elementor-image-box-content\"><h5 class=\"elementor-image-box-title\">PI\u00c8GE TGC<\/h5><p class=\"elementor-image-box-description\">Pi\u00e8ge \u00e0 ph\u00e9romone innovant contre la pyrale du buis. Un pi\u00e8ge \u00e0 tr\u00e8s grande capacit\u00e9, 5 \u00e0 10 fois plus efficace. Une\nutilisation et un entretien tr\u00e8s simple.<\/p><\/div><\/div>\t\t<\/div>\n\t\t\t\t<\/div>\n\t\t\t\t\t<\/div>\n\t\t<\/div>\n\t\t\t\t<div class=\"elementor-column elementor-col-25 elementor-inner-column elementor-element elementor-element-e2f398b\" data-id=\"e2f398b\" data-element_type=\"column\">\n\t\t\t<div class=\"elementor-widget-wrap elementor-element-populated\">\n\t\t\t\t\t\t\t\t<div class=\"elementor-element elementor-element-e8cc53c elementor-position-top elementor-vertical-align-top elementor-widget elementor-widget-image-box\" data-id=\"e8cc53c\" data-element_type=\"widget\" data-widget_type=\"image-box.default\">\n\t\t\t\t<div class=\"elementor-widget-container\">\n\t\t\t<div class=\"elementor-image-box-wrapper\"><figure class=\"elementor-image-box-img\"><img width=\"590\" height=\"1500\" src=\"https:\/\/biocidal-as.com\/wp-content\/uploads\/2021\/12\/MONTAGE-IN-PYR-930051.png\" class=\"attachment-2048x2048 size-2048x2048\" alt=\"\" loading=\"lazy\" \/><\/figure><div class=\"elementor-image-box-content\"><h5 class=\"elementor-image-box-title\">NEBULOUS TURBO<span style=\"font-size: var(--h5FontSize); letter-spacing: var(--h5LetterSpacing); text-transform: var(--h5TextTransform); background-color: var(--nv-site-bg);\"><\/span><br><\/h5><p class=\"elementor-image-box-description\">Solution naturelle large spectre, sans PBO et avec un tensioactif d\u2019origine v\u00e9g\u00e9tale. Pour application en pulv\u00e9risation\nou n\u00e9bulisation.<\/p><\/div><\/div>\t\t<\/div>\n\t\t\t\t<\/div>\n\t\t\t\t\t<\/div>\n\t\t<\/div>\n\t\t\t\t\t\t\t<\/div>\n\t\t<\/section>\n\t\t\t\t\t<\/div>\n\t\t<\/div>\n\t\t\t\t\t\t\t<\/div>\n\t\t<\/section>\n\t\t\t\t\t\t<\/div>\n\t\t\t\t\t<\/div>\n\t\t","protected":false},"excerpt":{"rendered":"<p>BIOCIDAL ALTERNATIVE SOLUTIONS PROPOSE UNE GESTION DE VOTRE PROJET \u00c0 360\u00b0. Les diff\u00e9rentes \u00e9tapes de recherches auront une approche bas\u00e9e sur la notion d\u2019efficience et seront focalis\u00e9es sur les r\u00e9sultats. Cette gestion de projet depuis son id\u00e9e jusqu\u2019\u00e0 sa concr\u00e9tisation passe par une multitude de comp\u00e9tences propres \u00e0 notre entreprise. DE L\u2019ID\u00c9E, \u00c0 LA CONCR\u00c9TISATION&hellip;&nbsp;<a href=\"https:\/\/biocidal-as.com\/\" class=\"\" rel=\"bookmark\">Lire la suite &raquo;<span class=\"screen-reader-text\">Biocidal<\/span><\/a><\/p>\n","protected":false},"author":1,"featured_media":0,"parent":0,"menu_order":0,"comment_status":"closed","ping_status":"closed","template":"elementor_header_footer","meta":{"neve_meta_sidebar":"","neve_meta_container":"","neve_meta_enable_content_width":"","neve_meta_content_width":0,"neve_meta_title_alignment":"","neve_meta_author_avatar":"","neve_post_elements_order":"","neve_meta_disable_header":"","neve_meta_disable_footer":"","neve_meta_disable_title":""},"_links":{"self":[{"href":"https:\/\/biocidal-as.com\/index.php\/wp-json\/wp\/v2\/pages\/28"}],"collection":[{"href":"https:\/\/biocidal-as.com\/index.php\/wp-json\/wp\/v2\/pages"}],"about":[{"href":"https:\/\/biocidal-as.com\/index.php\/wp-json\/wp\/v2\/types\/page"}],"author":[{"embeddable":true,"href":"https:\/\/biocidal-as.com\/index.php\/wp-json\/wp\/v2\/users\/1"}],"replies":[{"embeddable":true,"href":"https:\/\/biocidal-as.com\/index.php\/wp-json\/wp\/v2\/comments?post=28"}],"version-history":[{"count":68,"href":"https:\/\/biocidal-as.com\/index.php\/wp-json\/wp\/v2\/pages\/28\/revisions"}],"predecessor-version":[{"id":161,"href":"https:\/\/biocidal-as.com\/index.php\/wp-json\/wp\/v2\/pages\/28\/revisions\/161"}],"wp:attachment":[{"href":"https:\/\/biocidal-as.com\/index.php\/wp-json\/wp\/v2\/media?parent=28"}],"curies":[{"name":"wp","href":"https:\/\/api.w.org\/{rel}","templated":true}]}}